{"id":4588,"date":"2022-12-07T14:25:55","date_gmt":"2022-12-07T13:25:55","guid":{"rendered":"https:\/\/cgvillacastin.com\/contatti\/"},"modified":"2024-01-16T18:59:26","modified_gmt":"2024-01-16T17:59:26","slug":"contatti","status":"publish","type":"page","link":"https:\/\/cgvillacastin.com\/it\/contatti\/","title":{"rendered":"CONTATTI"},"content":{"rendered":"\t\t<div data-elementor-type=\"wp-page\" data-elementor-id=\"4588\" class=\"elementor elementor-4588 elementor-21\" data-elementor-post-type=\"page\">\n\t\t\t\t\t\t<section class=\"elementor-section elementor-top-section elementor-element elementor-element-7e6ee30 elementor-section-height-min-height elementor-section-stretched elementor-section-full_width elementor-section-items-bottom elementor-section-height-default\" data-id=\"7e6ee30\" data-element_type=\"section\" data-e-type=\"section\" data-settings=\"{&quot;stretch_section&quot;:&quot;section-stretched&quot;,&quot;background_background&quot;:&quot;classic&quot;}\">\n\t\t\t\t\t\t\t<div class=\"elementor-background-overlay\"><\/div>\n\t\t\t\t\t\t\t<div class=\"elementor-container elementor-column-gap-default\">\n\t\t\t\t\t<div class=\"elementor-column elementor-col-100 elementor-top-column elementor-element elementor-element-383e118\" data-id=\"383e118\" data-element_type=\"column\" data-e-type=\"column\">\n\t\t\t<div class=\"elementor-widget-wrap\">\n\t\t\t\t\t\t\t<\/div>\n\t\t<\/div>\n\t\t\t\t\t<\/div>\n\t\t<\/section>\n\t\t\t\t<section class=\"elementor-section elementor-top-section elementor-element elementor-element-e6c6f7a elementor-section-boxed elementor-section-height-default elementor-section-height-default\" data-id=\"e6c6f7a\" data-element_type=\"section\" data-e-type=\"section\" data-settings=\"{&quot;background_background&quot;:&quot;classic&quot;}\">\n\t\t\t\t\t\t<div class=\"elementor-container elementor-column-gap-default\">\n\t\t\t\t\t<div class=\"elementor-column elementor-col-100 elementor-top-column elementor-element elementor-element-08364f0\" data-id=\"08364f0\" data-element_type=\"column\" data-e-type=\"column\">\n\t\t\t<div class=\"elementor-widget-wrap elementor-element-populated\">\n\t\t\t\t\t\t<div class=\"elementor-element elementor-element-fb6d757 elementor-widget elementor-widget-heading\" data-id=\"fb6d757\" data-element_type=\"widget\" data-e-type=\"widget\" data-widget_type=\"heading.default\">\n\t\t\t\t<div class=\"elementor-widget-container\">\n\t\t\t\t\t<h1 class=\"elementor-heading-title elementor-size-default\">Contattare Cristina G\u00f3mez Villacast\u00edn<\/h1>\t\t\t\t<\/div>\n\t\t\t\t<\/div>\n\t\t\t\t\t<\/div>\n\t\t<\/div>\n\t\t\t\t\t<\/div>\n\t\t<\/section>\n\t\t\t\t<section class=\"elementor-section elementor-top-section elementor-element elementor-element-de14f35 elementor-section-boxed elementor-section-height-default elementor-section-height-default\" data-id=\"de14f35\" data-element_type=\"section\" data-e-type=\"section\">\n\t\t\t\t\t\t<div class=\"elementor-container elementor-column-gap-default\">\n\t\t\t\t\t<div class=\"elementor-column elementor-col-100 elementor-top-column elementor-element elementor-element-5899801\" data-id=\"5899801\" data-element_type=\"column\" data-e-type=\"column\">\n\t\t\t<div class=\"elementor-widget-wrap elementor-element-populated\">\n\t\t\t\t\t\t<div class=\"elementor-element elementor-element-b2bdeb8 elementor-widget elementor-widget-heading\" data-id=\"b2bdeb8\" data-element_type=\"widget\" data-e-type=\"widget\" data-widget_type=\"heading.default\">\n\t\t\t\t<div class=\"elementor-widget-container\">\n\t\t\t\t\t<h2 class=\"elementor-heading-title elementor-size-default\">Modulo di contatto<\/h2>\t\t\t\t<\/div>\n\t\t\t\t<\/div>\n\t\t\t\t<div class=\"elementor-element elementor-element-7161aa7 elementor-widget-divider--view-line elementor-widget elementor-widget-divider\" data-id=\"7161aa7\" data-element_type=\"widget\" data-e-type=\"widget\" data-widget_type=\"divider.default\">\n\t\t\t\t<div class=\"elementor-widget-container\">\n\t\t\t\t\t\t\t<div class=\"elementor-divider\">\n\t\t\t<span class=\"elementor-divider-separator\">\n\t\t\t\t\t\t<\/span>\n\t\t<\/div>\n\t\t\t\t\t\t<\/div>\n\t\t\t\t<\/div>\n\t\t\t\t<div class=\"elementor-element elementor-element-dd1dd3f elementor-widget elementor-widget-text-editor\" data-id=\"dd1dd3f\" data-element_type=\"widget\" data-e-type=\"widget\" data-widget_type=\"text-editor.default\">\n\t\t\t\t<div class=\"elementor-widget-container\">\n\t\t\t\t\t\t\t\t\t<p style=\"text-align: left;\">Se avete qualche domanda o avete bisogno di tradurre dei documenti della vostra azienda, \u00e8 sufficiente compilare il modulo.<\/p>\n<p style=\"text-align: left;\">Mi metter\u00f2 in contatto al pi\u00f9 presto.<\/p>\n\t\t\t\t\t\t\t\t<\/div>\n\t\t\t\t<\/div>\n\t\t\t\t<div class=\"elementor-element elementor-element-7dd2650 elementor-button-align-stretch elementor-widget elementor-widget-form\" data-id=\"7dd2650\" data-element_type=\"widget\" data-e-type=\"widget\" data-settings=\"{&quot;step_next_label&quot;:&quot;Successivo&quot;,&quot;step_previous_label&quot;:&quot;Precedente&quot;,&quot;button_width&quot;:&quot;100&quot;,&quot;step_type&quot;:&quot;number_text&quot;,&quot;step_icon_shape&quot;:&quot;circle&quot;}\" data-widget_type=\"form.default\">\n\t\t\t\t<div class=\"elementor-widget-container\">\n\t\t\t\t\t\t\t<form class=\"elementor-form\" method=\"post\" name=\"Modulo di contatto\" aria-label=\"Modulo di contatto\">\n\t\t\t<input type=\"hidden\" name=\"post_id\" value=\"4588\"\/>\n\t\t\t<input type=\"hidden\" name=\"form_id\" value=\"7dd2650\"\/>\n\t\t\t<input type=\"hidden\" name=\"referer_title\" value=\"\" \/>\n\n\t\t\t\n\t\t\t<div class=\"elementor-form-fields-wrapper elementor-labels-above\">\n\t\t\t\t\t\t\t\t<div class=\"elementor-field-type-text elementor-field-group elementor-column elementor-field-group-name elementor-col-50 elementor-field-required elementor-mark-required\">\n\t\t\t\t\t\t\t\t\t\t\t\t<label for=\"form-field-name\" class=\"elementor-field-label\">\n\t\t\t\t\t\t\t\tNome\t\t\t\t\t\t\t<\/label>\n\t\t\t\t\t\t\t\t\t\t\t\t\t\t<input size=\"1\" type=\"text\" name=\"form_fields[name]\" id=\"form-field-name\" class=\"elementor-field elementor-size-sm  elementor-field-textual\" required=\"required\">\n\t\t\t\t\t\t\t\t\t\t\t<\/div>\n\t\t\t\t\t\t\t\t<div class=\"elementor-field-type-email elementor-field-group elementor-column elementor-field-group-email elementor-col-50 elementor-field-required elementor-mark-required\">\n\t\t\t\t\t\t\t\t\t\t\t\t<label for=\"form-field-email\" class=\"elementor-field-label\">\n\t\t\t\t\t\t\t\tIndirizzo e-mail\t\t\t\t\t\t\t<\/label>\n\t\t\t\t\t\t\t\t\t\t\t\t\t\t<input size=\"1\" type=\"email\" name=\"form_fields[email]\" id=\"form-field-email\" class=\"elementor-field elementor-size-sm  elementor-field-textual\" required=\"required\">\n\t\t\t\t\t\t\t\t\t\t\t<\/div>\n\t\t\t\t\t\t\t\t<div class=\"elementor-field-type-select elementor-field-group elementor-column elementor-field-group-field_10598fd elementor-col-100 elementor-field-required elementor-mark-required\">\n\t\t\t\t\t\t\t\t\t\t\t\t<label for=\"form-field-field_10598fd\" class=\"elementor-field-label\">\n\t\t\t\t\t\t\t\tDi cosa hai bisogno?\t\t\t\t\t\t\t<\/label>\n\t\t\t\t\t\t\t\t<div class=\"elementor-field elementor-select-wrapper remove-before \">\n\t\t\t<div class=\"select-caret-down-wrapper\">\n\t\t\t\t<i aria-hidden=\"true\" class=\"eicon-caret-down\"><\/i>\t\t\t<\/div>\n\t\t\t<select name=\"form_fields[field_10598fd]\" id=\"form-field-field_10598fd\" class=\"elementor-field-textual elementor-size-sm\" required=\"required\">\n\t\t\t\t\t\t\t\t\t<option value=\"Traduzione giuridica\">Traduzione giuridica<\/option>\n\t\t\t\t\t\t\t\t\t<option value=\"Traduzione finanziaria\">Traduzione finanziaria<\/option>\n\t\t\t\t\t\t\t\t\t<option value=\"Traduzione tecnica\">Traduzione tecnica<\/option>\n\t\t\t\t\t\t\t<\/select>\n\t\t<\/div>\n\t\t\t\t\t\t<\/div>\n\t\t\t\t\t\t\t\t<div class=\"elementor-field-type-textarea elementor-field-group elementor-column elementor-field-group-message elementor-col-100 elementor-field-required elementor-mark-required\">\n\t\t\t\t\t\t\t\t\t\t\t\t<label for=\"form-field-message\" class=\"elementor-field-label\">\n\t\t\t\t\t\t\t\tMessaggio\t\t\t\t\t\t\t<\/label>\n\t\t\t\t\t\t<textarea class=\"elementor-field-textual elementor-field  elementor-size-sm\" name=\"form_fields[message]\" id=\"form-field-message\" rows=\"5\" required=\"required\"><\/textarea>\t\t\t\t<\/div>\n\t\t\t\t\t\t\t\t<div class=\"elementor-field-type-acceptance elementor-field-group elementor-column elementor-field-group-field_fbb5e51 elementor-col-100 elementor-field-required elementor-mark-required\">\n\t\t\t\t\t\t\t<div class=\"elementor-field-subgroup\">\n\t\t\t<span class=\"elementor-field-option\">\n\t\t\t\t<input type=\"checkbox\" name=\"form_fields[field_fbb5e51]\" id=\"form-field-field_fbb5e51\" class=\"elementor-field elementor-size-sm  elementor-acceptance-field\" required=\"required\">\n\t\t\t\t<label for=\"form-field-field_fbb5e51\">Ho letto e accetto <a rel=\"nofollow\" href=\"https:\/\/cgvillacastin.com\/politica-de-privacidad\/\">l\u2019Informativa sulla privacy<\/a> di Cristina G\u00f3mez Villacast\u00edn.<\/label>\t\t\t<\/span>\n\t\t<\/div>\n\t\t\t\t\t\t<\/div>\n\t\t\t\t\t\t\t\t<div class=\"elementor-field-type-hidden elementor-field-group elementor-column elementor-field-group-field_e60c5c5 elementor-col-100\">\n\t\t\t\t\t\t\t\t\t\t\t\t\t<input size=\"1\" type=\"hidden\" name=\"form_fields[field_e60c5c5]\" id=\"form-field-field_e60c5c5\" class=\"elementor-field elementor-size-sm  elementor-field-textual\" value=\"Acepto la Pol\u00edtica de Privacidad\">\n\t\t\t\t\t\t\t\t\t\t\t<\/div>\n\t\t\t\t\t\t\t\t<div class=\"elementor-field-type-recaptcha_v3 elementor-field-group elementor-column elementor-field-group-field_9f2e583 elementor-col-100 recaptcha_v3-bottomright\">\n\t\t\t\t\t<div class=\"elementor-field\" id=\"form-field-field_9f2e583\"><div class=\"elementor-g-recaptcha\" data-sitekey=\"6LeVvnwmAAAAAPdggqddPhNgtxbjiEWpK6N4V9yj\" data-type=\"v3\" data-action=\"Form\" data-badge=\"bottomright\" data-size=\"invisible\"><\/div><\/div>\t\t\t\t<\/div>\n\t\t\t\t\t\t\t\t<div class=\"elementor-field-group elementor-column elementor-field-type-submit elementor-col-100 e-form__buttons\">\n\t\t\t\t\t<button class=\"elementor-button elementor-size-sm\" type=\"submit\">\n\t\t\t\t\t\t<span class=\"elementor-button-content-wrapper\">\n\t\t\t\t\t\t\t\t\t\t\t\t\t\t\t<span class=\"elementor-button-icon\">\n\t\t\t\t\t\t\t\t\t<i aria-hidden=\"true\" class=\"fas fa-angle-double-right\"><\/i>\t\t\t\t\t\t\t\t\t\t\t\t\t\t\t\t\t<\/span>\n\t\t\t\t\t\t\t\t\t\t\t\t\t\t\t\t\t\t\t\t\t\t<span class=\"elementor-button-text\">INVIO<\/span>\n\t\t\t\t\t\t\t\t\t\t\t\t\t<\/span>\n\t\t\t\t\t<\/button>\n\t\t\t\t<\/div>\n\t\t\t<\/div>\n\t\t<\/form>\n\t\t\t\t\t\t<\/div>\n\t\t\t\t<\/div>\n\t\t\t\t<div class=\"elementor-element elementor-element-8a33423 elementor-widget elementor-widget-toggle\" data-id=\"8a33423\" data-element_type=\"widget\" data-e-type=\"widget\" data-widget_type=\"toggle.default\">\n\t\t\t\t<div class=\"elementor-widget-container\">\n\t\t\t\t\t\t\t<div class=\"elementor-toggle\">\n\t\t\t\t\t\t\t<div class=\"elementor-toggle-item\">\n\t\t\t\t\t<div id=\"elementor-tab-title-1441\" class=\"elementor-tab-title\" data-tab=\"1\" role=\"button\" aria-controls=\"elementor-tab-content-1441\" aria-expanded=\"false\">\n\t\t\t\t\t\t\t\t\t\t\t\t<span class=\"elementor-toggle-icon elementor-toggle-icon-left\" aria-hidden=\"true\">\n\t\t\t\t\t\t\t\t\t\t\t\t\t\t\t<span class=\"elementor-toggle-icon-closed\"><i class=\"fas fa-caret-right\"><\/i><\/span>\n\t\t\t\t\t\t\t\t<span class=\"elementor-toggle-icon-opened\"><i class=\"elementor-toggle-icon-opened fas fa-caret-up\"><\/i><\/span>\n\t\t\t\t\t\t\t\t\t\t\t\t\t<\/span>\n\t\t\t\t\t\t\t\t\t\t\t\t<a class=\"elementor-toggle-title\" tabindex=\"0\">Protezione dei dati<\/a>\n\t\t\t\t\t<\/div>\n\n\t\t\t\t\t<div id=\"elementor-tab-content-1441\" class=\"elementor-tab-content elementor-clearfix\" data-tab=\"1\" role=\"region\" aria-labelledby=\"elementor-tab-title-1441\"><p>I dati personali forniti verranno trattati da Cristina G\u00f3mez Villacast\u00edn in qualit\u00e0 di responsabile del presente sito. Contrassegnando la casella, si autorizza tale trattamento. I vostri dati saranno conservati da digisite.es, il mio fornitore di hosting di fiducia, e questa \u00e8 la sua <u><br \/>\n  <a href=\"https:\/\/www.siteground.es\/viewtos\/privacy_policy\" target=\"_blank\" rel=\"noopener\" data-saferedirecturl=\"https:\/\/www.google.com\/url?q=https:\/\/www.siteground.es\/viewtos\/privacy_policy&amp;source=gmail&amp;ust=1676623500080000&amp;usg=AOvVaw2E0mzjuxZMz1S4J6WTBdu3\">politica sulla privacy<\/a><br \/>\n<\/u>. \u00c8 possibile decidere in qualsiasi momento cosa fare delle informazioni fornite, scrivendo a <a href=\"mailto:cristina@cgvillacastin.com\" target=\"_blank\" rel=\"noopener\">cristina@cgvillacastin.com<\/a>.<\/p>\n<\/div>\n\t\t\t\t<\/div>\n\t\t\t\t\t\t\t\t<\/div>\n\t\t\t\t\t\t<\/div>\n\t\t\t\t<\/div>\n\t\t\t\t\t<\/div>\n\t\t<\/div>\n\t\t\t\t\t<\/div>\n\t\t<\/section>\n\t\t\t\t<\/div>\n\t\t","protected":false},"excerpt":{"rendered":"<p>Contattare Cristina G\u00f3mez Villacast\u00edn Modulo di contatto Se avete qualche domanda o avete bisogno di tradurre dei documenti della vostra azienda, \u00e8 sufficiente compilare il modulo. Mi metter\u00f2 in contatto al pi\u00f9 presto. Protezione dei dati I dati personali forniti verranno trattati da Cristina G\u00f3mez Villacast\u00edn in qualit\u00e0 di responsabile del presente sito. Contrassegnando la &#8230; <a title=\"CONTATTI\" class=\"read-more\" href=\"https:\/\/cgvillacastin.com\/it\/contatti\/\" aria-label=\"Per saperne di pi\u00f9 su CONTATTI\">Leggi tutto<\/a><\/p>\n","protected":false},"author":1,"featured_media":0,"parent":0,"menu_order":0,"comment_status":"closed","ping_status":"closed","template":"","meta":{"_monsterinsights_skip_tracking":false,"_monsterinsights_sitenote_active":false,"_monsterinsights_sitenote_note":"","_monsterinsights_sitenote_category":0,"footnotes":""},"class_list":["post-4588","page","type-page","status-publish"],"yoast_head":"<!-- This site is optimized with the Yoast SEO plugin v27.2 - https:\/\/yoast.com\/product\/yoast-seo-wordpress\/ -->\n<title>CONTATTI |<\/title>\n<meta name=\"description\" content=\"Esperta di traduzione giurata, giuridica, finanziaria e tecnica dall\u2019inglese e dall\u2019italiano allo spagnolo Per aziende che richiedono qualit\u00e0, esperienza e riservatezza.\" \/>\n<meta name=\"robots\" content=\"index, follow, max-snippet:-1, max-image-preview:large, max-video-preview:-1\" \/>\n<link rel=\"canonical\" href=\"https:\/\/cgvillacastin.com\/it\/contatti\/\" \/>\n<meta property=\"og:locale\" content=\"it_IT\" \/>\n<meta property=\"og:type\" content=\"article\" \/>\n<meta property=\"og:title\" content=\"CONTATTI |\" \/>\n<meta property=\"og:description\" content=\"Esperta di traduzione giurata, giuridica, finanziaria e tecnica dall\u2019inglese e dall\u2019italiano allo spagnolo Per aziende che richiedono qualit\u00e0, esperienza e riservatezza.\" \/>\n<meta property=\"og:url\" content=\"https:\/\/cgvillacastin.com\/it\/contatti\/\" \/>\n<meta property=\"article:modified_time\" content=\"2024-01-16T17:59:26+00:00\" \/>\n<meta name=\"twitter:card\" content=\"summary_large_image\" \/>\n<meta name=\"twitter:label1\" content=\"Tempo di lettura stimato\" \/>\n\t<meta name=\"twitter:data1\" content=\"1 minuto\" \/>\n<script type=\"application\/ld+json\" class=\"yoast-schema-graph\">{\"@context\":\"https:\/\/schema.org\",\"@graph\":[{\"@type\":\"WebPage\",\"@id\":\"https:\/\/cgvillacastin.com\/it\/contatti\/\",\"url\":\"https:\/\/cgvillacastin.com\/it\/contatti\/\",\"name\":\"CONTATTI |\",\"isPartOf\":{\"@id\":\"https:\/\/cgvillacastin.com\/it\/#website\"},\"datePublished\":\"2022-12-07T13:25:55+00:00\",\"dateModified\":\"2024-01-16T17:59:26+00:00\",\"description\":\"Esperta di traduzione giurata, giuridica, finanziaria e tecnica dall\u2019inglese e dall\u2019italiano allo spagnolo Per aziende che richiedono qualit\u00e0, esperienza e riservatezza.\",\"breadcrumb\":{\"@id\":\"https:\/\/cgvillacastin.com\/it\/contatti\/#breadcrumb\"},\"inLanguage\":\"it-IT\",\"potentialAction\":[{\"@type\":\"ReadAction\",\"target\":[\"https:\/\/cgvillacastin.com\/it\/contatti\/\"]}]},{\"@type\":\"BreadcrumbList\",\"@id\":\"https:\/\/cgvillacastin.com\/it\/contatti\/#breadcrumb\",\"itemListElement\":[{\"@type\":\"ListItem\",\"position\":1,\"name\":\"Portada\",\"item\":\"https:\/\/cgvillacastin.com\/it\/\"},{\"@type\":\"ListItem\",\"position\":2,\"name\":\"CONTATTI\"}]},{\"@type\":\"WebSite\",\"@id\":\"https:\/\/cgvillacastin.com\/it\/#website\",\"url\":\"https:\/\/cgvillacastin.com\/it\/\",\"name\":\"Cristina G\u00f3mez Villacast\u00edn\",\"description\":\"Traducci\u00f3n Jur\u00eddica y Financiera\",\"publisher\":{\"@id\":\"https:\/\/cgvillacastin.com\/it\/#\/schema\/person\/8371f884e886bfdb8bfc425163a8bb0f\"},\"potentialAction\":[{\"@type\":\"SearchAction\",\"target\":{\"@type\":\"EntryPoint\",\"urlTemplate\":\"https:\/\/cgvillacastin.com\/it\/?s={search_term_string}\"},\"query-input\":{\"@type\":\"PropertyValueSpecification\",\"valueRequired\":true,\"valueName\":\"search_term_string\"}}],\"inLanguage\":\"it-IT\"},{\"@type\":[\"Person\",\"Organization\"],\"@id\":\"https:\/\/cgvillacastin.com\/it\/#\/schema\/person\/8371f884e886bfdb8bfc425163a8bb0f\",\"name\":\"Cristina G\u00f3mez\",\"image\":{\"@type\":\"ImageObject\",\"inLanguage\":\"it-IT\",\"@id\":\"https:\/\/cgvillacastin.com\/wp-content\/uploads\/logotipo-cgvillacastin-1.png\",\"url\":\"https:\/\/cgvillacastin.com\/wp-content\/uploads\/logotipo-cgvillacastin-1.png\",\"contentUrl\":\"https:\/\/cgvillacastin.com\/wp-content\/uploads\/logotipo-cgvillacastin-1.png\",\"width\":1269,\"height\":262,\"caption\":\"Cristina G\u00f3mez\"},\"logo\":{\"@id\":\"https:\/\/cgvillacastin.com\/wp-content\/uploads\/logotipo-cgvillacastin-1.png\"},\"sameAs\":[\"https:\/\/cgvillacastin.com\"]}]}<\/script>\n<!-- \/ Yoast SEO plugin. -->","yoast_head_json":{"title":"CONTATTI |","description":"Esperta di traduzione giurata, giuridica, finanziaria e tecnica dall\u2019inglese e dall\u2019italiano allo spagnolo Per aziende che richiedono qualit\u00e0, esperienza e riservatezza.","robots":{"index":"index","follow":"follow","max-snippet":"max-snippet:-1","max-image-preview":"max-image-preview:large","max-video-preview":"max-video-preview:-1"},"canonical":"https:\/\/cgvillacastin.com\/it\/contatti\/","og_locale":"it_IT","og_type":"article","og_title":"CONTATTI |","og_description":"Esperta di traduzione giurata, giuridica, finanziaria e tecnica dall\u2019inglese e dall\u2019italiano allo spagnolo Per aziende che richiedono qualit\u00e0, esperienza e riservatezza.","og_url":"https:\/\/cgvillacastin.com\/it\/contatti\/","article_modified_time":"2024-01-16T17:59:26+00:00","twitter_card":"summary_large_image","twitter_misc":{"Tempo di lettura stimato":"1 minuto"},"schema":{"@context":"https:\/\/schema.org","@graph":[{"@type":"WebPage","@id":"https:\/\/cgvillacastin.com\/it\/contatti\/","url":"https:\/\/cgvillacastin.com\/it\/contatti\/","name":"CONTATTI |","isPartOf":{"@id":"https:\/\/cgvillacastin.com\/it\/#website"},"datePublished":"2022-12-07T13:25:55+00:00","dateModified":"2024-01-16T17:59:26+00:00","description":"Esperta di traduzione giurata, giuridica, finanziaria e tecnica dall\u2019inglese e dall\u2019italiano allo spagnolo Per aziende che richiedono qualit\u00e0, esperienza e riservatezza.","breadcrumb":{"@id":"https:\/\/cgvillacastin.com\/it\/contatti\/#breadcrumb"},"inLanguage":"it-IT","potentialAction":[{"@type":"ReadAction","target":["https:\/\/cgvillacastin.com\/it\/contatti\/"]}]},{"@type":"BreadcrumbList","@id":"https:\/\/cgvillacastin.com\/it\/contatti\/#breadcrumb","itemListElement":[{"@type":"ListItem","position":1,"name":"Portada","item":"https:\/\/cgvillacastin.com\/it\/"},{"@type":"ListItem","position":2,"name":"CONTATTI"}]},{"@type":"WebSite","@id":"https:\/\/cgvillacastin.com\/it\/#website","url":"https:\/\/cgvillacastin.com\/it\/","name":"Cristina G\u00f3mez Villacast\u00edn","description":"Traducci\u00f3n Jur\u00eddica y Financiera","publisher":{"@id":"https:\/\/cgvillacastin.com\/it\/#\/schema\/person\/8371f884e886bfdb8bfc425163a8bb0f"},"potentialAction":[{"@type":"SearchAction","target":{"@type":"EntryPoint","urlTemplate":"https:\/\/cgvillacastin.com\/it\/?s={search_term_string}"},"query-input":{"@type":"PropertyValueSpecification","valueRequired":true,"valueName":"search_term_string"}}],"inLanguage":"it-IT"},{"@type":["Person","Organization"],"@id":"https:\/\/cgvillacastin.com\/it\/#\/schema\/person\/8371f884e886bfdb8bfc425163a8bb0f","name":"Cristina G\u00f3mez","image":{"@type":"ImageObject","inLanguage":"it-IT","@id":"https:\/\/cgvillacastin.com\/wp-content\/uploads\/logotipo-cgvillacastin-1.png","url":"https:\/\/cgvillacastin.com\/wp-content\/uploads\/logotipo-cgvillacastin-1.png","contentUrl":"https:\/\/cgvillacastin.com\/wp-content\/uploads\/logotipo-cgvillacastin-1.png","width":1269,"height":262,"caption":"Cristina G\u00f3mez"},"logo":{"@id":"https:\/\/cgvillacastin.com\/wp-content\/uploads\/logotipo-cgvillacastin-1.png"},"sameAs":["https:\/\/cgvillacastin.com"]}]}},"_links":{"self":[{"href":"https:\/\/cgvillacastin.com\/it\/wp-json\/wp\/v2\/pages\/4588","targetHints":{"allow":["GET"]}}],"collection":[{"href":"https:\/\/cgvillacastin.com\/it\/wp-json\/wp\/v2\/pages"}],"about":[{"href":"https:\/\/cgvillacastin.com\/it\/wp-json\/wp\/v2\/types\/page"}],"author":[{"embeddable":true,"href":"https:\/\/cgvillacastin.com\/it\/wp-json\/wp\/v2\/users\/1"}],"replies":[{"embeddable":true,"href":"https:\/\/cgvillacastin.com\/it\/wp-json\/wp\/v2\/comments?post=4588"}],"version-history":[{"count":0,"href":"https:\/\/cgvillacastin.com\/it\/wp-json\/wp\/v2\/pages\/4588\/revisions"}],"wp:attachment":[{"href":"https:\/\/cgvillacastin.com\/it\/wp-json\/wp\/v2\/media?parent=4588"}],"curies":[{"name":"wp","href":"https:\/\/api.w.org\/{rel}","templated":true}]}}