{"id":4713,"date":"2022-12-07T14:25:29","date_gmt":"2022-12-07T13:25:29","guid":{"rendered":"https:\/\/cgvillacastin.com\/services\/"},"modified":"2024-01-16T19:06:35","modified_gmt":"2024-01-16T18:06:35","slug":"services","status":"publish","type":"page","link":"https:\/\/cgvillacastin.com\/en\/services\/","title":{"rendered":"SERVICES"},"content":{"rendered":"\t\t<div data-elementor-type=\"wp-page\" data-elementor-id=\"4713\" class=\"elementor elementor-4713 elementor-19\" data-elementor-post-type=\"page\">\n\t\t\t\t\t\t<section class=\"elementor-section elementor-top-section elementor-element elementor-element-48f23f4 elementor-section-boxed elementor-section-height-default elementor-section-height-default\" data-id=\"48f23f4\" data-element_type=\"section\" data-e-type=\"section\">\n\t\t\t\t\t\t<div class=\"elementor-container elementor-column-gap-default\">\n\t\t\t\t\t<div class=\"elementor-column elementor-col-100 elementor-top-column elementor-element elementor-element-fabb75b\" data-id=\"fabb75b\" data-element_type=\"column\" data-e-type=\"column\">\n\t\t\t<div class=\"elementor-widget-wrap elementor-element-populated\">\n\t\t\t\t\t\t<div class=\"elementor-element elementor-element-0c6db35 elementor-widget elementor-widget-heading\" data-id=\"0c6db35\" data-element_type=\"widget\" data-e-type=\"widget\" data-widget_type=\"heading.default\">\n\t\t\t\t<div class=\"elementor-widget-container\">\n\t\t\t\t\t<h1 class=\"elementor-heading-title elementor-size-default\">What do you need?<\/h1>\t\t\t\t<\/div>\n\t\t\t\t<\/div>\n\t\t\t\t<div class=\"elementor-element elementor-element-7a580dd elementor-widget-divider--view-line elementor-widget elementor-widget-divider\" data-id=\"7a580dd\" data-element_type=\"widget\" data-e-type=\"widget\" data-widget_type=\"divider.default\">\n\t\t\t\t<div class=\"elementor-widget-container\">\n\t\t\t\t\t\t\t<div class=\"elementor-divider\">\n\t\t\t<span class=\"elementor-divider-separator\">\n\t\t\t\t\t\t<\/span>\n\t\t<\/div>\n\t\t\t\t\t\t<\/div>\n\t\t\t\t<\/div>\n\t\t\t\t\t<\/div>\n\t\t<\/div>\n\t\t\t\t\t<\/div>\n\t\t<\/section>\n\t\t\t\t<section class=\"elementor-section elementor-top-section elementor-element elementor-element-9316d0d elementor-section-boxed elementor-section-height-default elementor-section-height-default\" data-id=\"9316d0d\" data-element_type=\"section\" data-e-type=\"section\">\n\t\t\t\t\t\t<div class=\"elementor-container elementor-column-gap-default\">\n\t\t\t\t\t<div class=\"elementor-column elementor-col-33 elementor-top-column elementor-element elementor-element-3c2d0ef\" data-id=\"3c2d0ef\" data-element_type=\"column\" data-e-type=\"column\" data-settings=\"{&quot;background_background&quot;:&quot;classic&quot;,&quot;animation&quot;:&quot;none&quot;}\">\n\t\t\t<div class=\"elementor-widget-wrap elementor-element-populated\">\n\t\t\t\t\t\t<div class=\"elementor-element elementor-element-493e954 elementor-widget elementor-widget-heading\" data-id=\"493e954\" data-element_type=\"widget\" data-e-type=\"widget\" data-widget_type=\"heading.default\">\n\t\t\t\t<div class=\"elementor-widget-container\">\n\t\t\t\t\t<h3 class=\"elementor-heading-title elementor-size-default\">Legal Translation<\/h3>\t\t\t\t<\/div>\n\t\t\t\t<\/div>\n\t\t\t\t<div class=\"elementor-element elementor-element-52c66a4 elementor-widget elementor-widget-text-editor\" data-id=\"52c66a4\" data-element_type=\"widget\" data-e-type=\"widget\" data-widget_type=\"text-editor.default\">\n\t\t\t\t<div class=\"elementor-widget-container\">\n\t\t\t\t\t\t\t\t\t<p style=\"text-align: center;\"><span style=\"font-weight: 400;\">Official documents and articles of association, powers of attorney, wills, claims, insurance, agreements, contracts, deeds, court rulings, etc.<\/span><\/p>\n\t\t\t\t\t\t\t\t<\/div>\n\t\t\t\t<\/div>\n\t\t\t\t<div class=\"elementor-element elementor-element-1f357c0 elementor-align-center elementor-widget elementor-widget-button\" data-id=\"1f357c0\" data-element_type=\"widget\" data-e-type=\"widget\" data-widget_type=\"button.default\">\n\t\t\t\t<div class=\"elementor-widget-container\">\n\t\t\t\t\t\t\t\t\t<div class=\"elementor-button-wrapper\">\n\t\t\t\t\t<a class=\"elementor-button elementor-button-link elementor-size-sm\" href=\"https:\/\/cgvillacastin.com\/en\/legal-translation\/\">\n\t\t\t\t\t\t<span class=\"elementor-button-content-wrapper\">\n\t\t\t\t\t\t\t\t\t<span class=\"elementor-button-text\">SEE SERVICE<\/span>\n\t\t\t\t\t<\/span>\n\t\t\t\t\t<\/a>\n\t\t\t\t<\/div>\n\t\t\t\t\t\t\t\t<\/div>\n\t\t\t\t<\/div>\n\t\t\t\t\t<\/div>\n\t\t<\/div>\n\t\t\t\t<div class=\"elementor-column elementor-col-33 elementor-top-column elementor-element elementor-element-1b42f4a\" data-id=\"1b42f4a\" data-element_type=\"column\" data-e-type=\"column\" data-settings=\"{&quot;background_background&quot;:&quot;classic&quot;,&quot;animation&quot;:&quot;none&quot;}\">\n\t\t\t<div class=\"elementor-widget-wrap elementor-element-populated\">\n\t\t\t\t\t\t<div class=\"elementor-element elementor-element-43e1788 elementor-widget elementor-widget-heading\" data-id=\"43e1788\" data-element_type=\"widget\" data-e-type=\"widget\" data-widget_type=\"heading.default\">\n\t\t\t\t<div class=\"elementor-widget-container\">\n\t\t\t\t\t<h3 class=\"elementor-heading-title elementor-size-default\">Financial Translation<\/h3>\t\t\t\t<\/div>\n\t\t\t\t<\/div>\n\t\t\t\t<div class=\"elementor-element elementor-element-8cc161a elementor-widget elementor-widget-text-editor\" data-id=\"8cc161a\" data-element_type=\"widget\" data-e-type=\"widget\" data-widget_type=\"text-editor.default\">\n\t\t\t\t<div class=\"elementor-widget-container\">\n\t\t\t\t\t\t\t\t\t<p style=\"text-align: center;\"><span style=\"font-weight: 400;\">Annual accounts, audits, fund prospectuses and fact sheets, balance sheets and financial statements, stock market information, corporate communications, wealth management, etc.<\/span><\/p>\n\t\t\t\t\t\t\t\t<\/div>\n\t\t\t\t<\/div>\n\t\t\t\t<div class=\"elementor-element elementor-element-ed80844 elementor-align-center elementor-widget elementor-widget-button\" data-id=\"ed80844\" data-element_type=\"widget\" data-e-type=\"widget\" data-widget_type=\"button.default\">\n\t\t\t\t<div class=\"elementor-widget-container\">\n\t\t\t\t\t\t\t\t\t<div class=\"elementor-button-wrapper\">\n\t\t\t\t\t<a class=\"elementor-button elementor-button-link elementor-size-sm\" href=\"https:\/\/cgvillacastin.com\/en\/financial-translation\/\">\n\t\t\t\t\t\t<span class=\"elementor-button-content-wrapper\">\n\t\t\t\t\t\t\t\t\t<span class=\"elementor-button-text\">SEE SERVICE<\/span>\n\t\t\t\t\t<\/span>\n\t\t\t\t\t<\/a>\n\t\t\t\t<\/div>\n\t\t\t\t\t\t\t\t<\/div>\n\t\t\t\t<\/div>\n\t\t\t\t\t<\/div>\n\t\t<\/div>\n\t\t\t\t<div class=\"elementor-column elementor-col-33 elementor-top-column elementor-element elementor-element-eebecbd\" data-id=\"eebecbd\" data-element_type=\"column\" data-e-type=\"column\" data-settings=\"{&quot;background_background&quot;:&quot;classic&quot;,&quot;animation&quot;:&quot;none&quot;}\">\n\t\t\t<div class=\"elementor-widget-wrap elementor-element-populated\">\n\t\t\t\t\t\t<div class=\"elementor-element elementor-element-40abd1e elementor-widget elementor-widget-heading\" data-id=\"40abd1e\" data-element_type=\"widget\" data-e-type=\"widget\" data-widget_type=\"heading.default\">\n\t\t\t\t<div class=\"elementor-widget-container\">\n\t\t\t\t\t<h3 class=\"elementor-heading-title elementor-size-default\">Technical Translation<\/h3>\t\t\t\t<\/div>\n\t\t\t\t<\/div>\n\t\t\t\t<div class=\"elementor-element elementor-element-66b2824 elementor-widget elementor-widget-text-editor\" data-id=\"66b2824\" data-element_type=\"widget\" data-e-type=\"widget\" data-widget_type=\"text-editor.default\">\n\t\t\t\t<div class=\"elementor-widget-container\">\n\t\t\t\t\t\t\t\t\t<p style=\"text-align: center;\"><span style=\"font-weight: 400;\">Technical manuals, specific administrative clauses, technical specifications documents, public tenders, technical data sheets and safety data sheets.<\/span><\/p>\n\t\t\t\t\t\t\t\t<\/div>\n\t\t\t\t<\/div>\n\t\t\t\t<div class=\"elementor-element elementor-element-f3f7c8e elementor-align-center elementor-widget elementor-widget-button\" data-id=\"f3f7c8e\" data-element_type=\"widget\" data-e-type=\"widget\" data-widget_type=\"button.default\">\n\t\t\t\t<div class=\"elementor-widget-container\">\n\t\t\t\t\t\t\t\t\t<div class=\"elementor-button-wrapper\">\n\t\t\t\t\t<a class=\"elementor-button elementor-button-link elementor-size-sm\" href=\"https:\/\/cgvillacastin.com\/en\/technical-translation\/\">\n\t\t\t\t\t\t<span class=\"elementor-button-content-wrapper\">\n\t\t\t\t\t\t\t\t\t<span class=\"elementor-button-text\">SEE SERVICE<\/span>\n\t\t\t\t\t<\/span>\n\t\t\t\t\t<\/a>\n\t\t\t\t<\/div>\n\t\t\t\t\t\t\t\t<\/div>\n\t\t\t\t<\/div>\n\t\t\t\t\t<\/div>\n\t\t<\/div>\n\t\t\t\t\t<\/div>\n\t\t<\/section>\n\t\t\t\t<\/div>\n\t\t","protected":false},"excerpt":{"rendered":"<p>What do you need? Legal Translation Official documents and articles of association, powers of attorney, wills, claims, insurance, agreements, contracts, deeds, court rulings, etc. SEE SERVICE Financial Translation Annual accounts, audits, fund prospectuses and fact sheets, balance sheets and financial statements, stock market information, corporate communications, wealth management, etc. SEE SERVICE Technical Translation Technical manuals, &#8230; <a title=\"SERVICES\" class=\"read-more\" href=\"https:\/\/cgvillacastin.com\/en\/services\/\" aria-label=\"Read more about SERVICES\">Read more<\/a><\/p>\n","protected":false},"author":1,"featured_media":3848,"parent":0,"menu_order":0,"comment_status":"closed","ping_status":"closed","template":"","meta":{"_monsterinsights_skip_tracking":false,"_monsterinsights_sitenote_active":false,"_monsterinsights_sitenote_note":"","_monsterinsights_sitenote_category":0,"footnotes":""},"class_list":["post-4713","page","type-page","status-publish","has-post-thumbnail"],"yoast_head":"<!-- This site is optimized with the Yoast SEO plugin v27.2 - https:\/\/yoast.com\/product\/yoast-seo-wordpress\/ -->\n<title>Professional translation services |<\/title>\n<meta name=\"description\" content=\"Servicios de Professional translation services. Sworn translator and lawyer\u2013linguist. Expert in Legal, Financial and Technical Translation.profesional.\" \/>\n<meta name=\"robots\" content=\"index, follow, max-snippet:-1, max-image-preview:large, max-video-preview:-1\" \/>\n<link rel=\"canonical\" href=\"https:\/\/cgvillacastin.com\/en\/services\/\" \/>\n<meta property=\"og:locale\" content=\"en_US\" \/>\n<meta property=\"og:type\" content=\"article\" \/>\n<meta property=\"og:title\" content=\"Professional translation services |\" \/>\n<meta property=\"og:description\" content=\"Servicios de Professional translation services. Sworn translator and lawyer\u2013linguist. Expert in Legal, Financial and Technical Translation.profesional.\" \/>\n<meta property=\"og:url\" content=\"https:\/\/cgvillacastin.com\/en\/services\/\" \/>\n<meta property=\"article:modified_time\" content=\"2024-01-16T18:06:35+00:00\" \/>\n<meta property=\"og:image\" content=\"https:\/\/cgvillacastin.com\/wp-content\/uploads\/logotipo-cgvillacastin.png\" \/>\n\t<meta property=\"og:image:width\" content=\"800\" \/>\n\t<meta property=\"og:image:height\" content=\"606\" \/>\n\t<meta property=\"og:image:type\" content=\"image\/png\" \/>\n<meta name=\"twitter:card\" content=\"summary_large_image\" \/>\n<meta name=\"twitter:label1\" content=\"Est. reading time\" \/>\n\t<meta name=\"twitter:data1\" content=\"1 minute\" \/>\n<script type=\"application\/ld+json\" class=\"yoast-schema-graph\">{\"@context\":\"https:\/\/schema.org\",\"@graph\":[{\"@type\":\"WebPage\",\"@id\":\"https:\/\/cgvillacastin.com\/en\/services\/\",\"url\":\"https:\/\/cgvillacastin.com\/en\/services\/\",\"name\":\"Professional translation services |\",\"isPartOf\":{\"@id\":\"https:\/\/cgvillacastin.com\/en\/#website\"},\"primaryImageOfPage\":{\"@id\":\"https:\/\/cgvillacastin.com\/en\/services\/#primaryimage\"},\"image\":{\"@id\":\"https:\/\/cgvillacastin.com\/en\/services\/#primaryimage\"},\"thumbnailUrl\":\"https:\/\/cgvillacastin.com\/wp-content\/uploads\/logotipo-cgvillacastin.png\",\"datePublished\":\"2022-12-07T13:25:29+00:00\",\"dateModified\":\"2024-01-16T18:06:35+00:00\",\"description\":\"Servicios de Professional translation services. Sworn translator and lawyer\u2013linguist. Expert in Legal, Financial and Technical Translation.profesional.\",\"breadcrumb\":{\"@id\":\"https:\/\/cgvillacastin.com\/en\/services\/#breadcrumb\"},\"inLanguage\":\"en-US\",\"potentialAction\":[{\"@type\":\"ReadAction\",\"target\":[\"https:\/\/cgvillacastin.com\/en\/services\/\"]}]},{\"@type\":\"ImageObject\",\"inLanguage\":\"en-US\",\"@id\":\"https:\/\/cgvillacastin.com\/en\/services\/#primaryimage\",\"url\":\"https:\/\/cgvillacastin.com\/wp-content\/uploads\/logotipo-cgvillacastin.png\",\"contentUrl\":\"https:\/\/cgvillacastin.com\/wp-content\/uploads\/logotipo-cgvillacastin.png\",\"width\":800,\"height\":606},{\"@type\":\"BreadcrumbList\",\"@id\":\"https:\/\/cgvillacastin.com\/en\/services\/#breadcrumb\",\"itemListElement\":[{\"@type\":\"ListItem\",\"position\":1,\"name\":\"Portada\",\"item\":\"https:\/\/cgvillacastin.com\/en\/\"},{\"@type\":\"ListItem\",\"position\":2,\"name\":\"SERVICES\"}]},{\"@type\":\"WebSite\",\"@id\":\"https:\/\/cgvillacastin.com\/en\/#website\",\"url\":\"https:\/\/cgvillacastin.com\/en\/\",\"name\":\"Cristina G\u00f3mez Villacast\u00edn\",\"description\":\"Traducci\u00f3n Jur\u00eddica y Financiera\",\"publisher\":{\"@id\":\"https:\/\/cgvillacastin.com\/en\/#\/schema\/person\/8371f884e886bfdb8bfc425163a8bb0f\"},\"potentialAction\":[{\"@type\":\"SearchAction\",\"target\":{\"@type\":\"EntryPoint\",\"urlTemplate\":\"https:\/\/cgvillacastin.com\/en\/?s={search_term_string}\"},\"query-input\":{\"@type\":\"PropertyValueSpecification\",\"valueRequired\":true,\"valueName\":\"search_term_string\"}}],\"inLanguage\":\"en-US\"},{\"@type\":[\"Person\",\"Organization\"],\"@id\":\"https:\/\/cgvillacastin.com\/en\/#\/schema\/person\/8371f884e886bfdb8bfc425163a8bb0f\",\"name\":\"Cristina G\u00f3mez\",\"image\":{\"@type\":\"ImageObject\",\"inLanguage\":\"en-US\",\"@id\":\"https:\/\/cgvillacastin.com\/wp-content\/uploads\/logotipo-cgvillacastin-1.png\",\"url\":\"https:\/\/cgvillacastin.com\/wp-content\/uploads\/logotipo-cgvillacastin-1.png\",\"contentUrl\":\"https:\/\/cgvillacastin.com\/wp-content\/uploads\/logotipo-cgvillacastin-1.png\",\"width\":1269,\"height\":262,\"caption\":\"Cristina G\u00f3mez\"},\"logo\":{\"@id\":\"https:\/\/cgvillacastin.com\/wp-content\/uploads\/logotipo-cgvillacastin-1.png\"},\"sameAs\":[\"https:\/\/cgvillacastin.com\"]}]}<\/script>\n<!-- \/ Yoast SEO plugin. -->","yoast_head_json":{"title":"Professional translation services |","description":"Servicios de Professional translation services. Sworn translator and lawyer\u2013linguist. Expert in Legal, Financial and Technical Translation.profesional.","robots":{"index":"index","follow":"follow","max-snippet":"max-snippet:-1","max-image-preview":"max-image-preview:large","max-video-preview":"max-video-preview:-1"},"canonical":"https:\/\/cgvillacastin.com\/en\/services\/","og_locale":"en_US","og_type":"article","og_title":"Professional translation services |","og_description":"Servicios de Professional translation services. Sworn translator and lawyer\u2013linguist. Expert in Legal, Financial and Technical Translation.profesional.","og_url":"https:\/\/cgvillacastin.com\/en\/services\/","article_modified_time":"2024-01-16T18:06:35+00:00","og_image":[{"width":800,"height":606,"url":"https:\/\/cgvillacastin.com\/wp-content\/uploads\/logotipo-cgvillacastin.png","type":"image\/png"}],"twitter_card":"summary_large_image","twitter_misc":{"Est. reading time":"1 minute"},"schema":{"@context":"https:\/\/schema.org","@graph":[{"@type":"WebPage","@id":"https:\/\/cgvillacastin.com\/en\/services\/","url":"https:\/\/cgvillacastin.com\/en\/services\/","name":"Professional translation services |","isPartOf":{"@id":"https:\/\/cgvillacastin.com\/en\/#website"},"primaryImageOfPage":{"@id":"https:\/\/cgvillacastin.com\/en\/services\/#primaryimage"},"image":{"@id":"https:\/\/cgvillacastin.com\/en\/services\/#primaryimage"},"thumbnailUrl":"https:\/\/cgvillacastin.com\/wp-content\/uploads\/logotipo-cgvillacastin.png","datePublished":"2022-12-07T13:25:29+00:00","dateModified":"2024-01-16T18:06:35+00:00","description":"Servicios de Professional translation services. Sworn translator and lawyer\u2013linguist. Expert in Legal, Financial and Technical Translation.profesional.","breadcrumb":{"@id":"https:\/\/cgvillacastin.com\/en\/services\/#breadcrumb"},"inLanguage":"en-US","potentialAction":[{"@type":"ReadAction","target":["https:\/\/cgvillacastin.com\/en\/services\/"]}]},{"@type":"ImageObject","inLanguage":"en-US","@id":"https:\/\/cgvillacastin.com\/en\/services\/#primaryimage","url":"https:\/\/cgvillacastin.com\/wp-content\/uploads\/logotipo-cgvillacastin.png","contentUrl":"https:\/\/cgvillacastin.com\/wp-content\/uploads\/logotipo-cgvillacastin.png","width":800,"height":606},{"@type":"BreadcrumbList","@id":"https:\/\/cgvillacastin.com\/en\/services\/#breadcrumb","itemListElement":[{"@type":"ListItem","position":1,"name":"Portada","item":"https:\/\/cgvillacastin.com\/en\/"},{"@type":"ListItem","position":2,"name":"SERVICES"}]},{"@type":"WebSite","@id":"https:\/\/cgvillacastin.com\/en\/#website","url":"https:\/\/cgvillacastin.com\/en\/","name":"Cristina G\u00f3mez Villacast\u00edn","description":"Traducci\u00f3n Jur\u00eddica y Financiera","publisher":{"@id":"https:\/\/cgvillacastin.com\/en\/#\/schema\/person\/8371f884e886bfdb8bfc425163a8bb0f"},"potentialAction":[{"@type":"SearchAction","target":{"@type":"EntryPoint","urlTemplate":"https:\/\/cgvillacastin.com\/en\/?s={search_term_string}"},"query-input":{"@type":"PropertyValueSpecification","valueRequired":true,"valueName":"search_term_string"}}],"inLanguage":"en-US"},{"@type":["Person","Organization"],"@id":"https:\/\/cgvillacastin.com\/en\/#\/schema\/person\/8371f884e886bfdb8bfc425163a8bb0f","name":"Cristina G\u00f3mez","image":{"@type":"ImageObject","inLanguage":"en-US","@id":"https:\/\/cgvillacastin.com\/wp-content\/uploads\/logotipo-cgvillacastin-1.png","url":"https:\/\/cgvillacastin.com\/wp-content\/uploads\/logotipo-cgvillacastin-1.png","contentUrl":"https:\/\/cgvillacastin.com\/wp-content\/uploads\/logotipo-cgvillacastin-1.png","width":1269,"height":262,"caption":"Cristina G\u00f3mez"},"logo":{"@id":"https:\/\/cgvillacastin.com\/wp-content\/uploads\/logotipo-cgvillacastin-1.png"},"sameAs":["https:\/\/cgvillacastin.com"]}]}},"_links":{"self":[{"href":"https:\/\/cgvillacastin.com\/en\/wp-json\/wp\/v2\/pages\/4713","targetHints":{"allow":["GET"]}}],"collection":[{"href":"https:\/\/cgvillacastin.com\/en\/wp-json\/wp\/v2\/pages"}],"about":[{"href":"https:\/\/cgvillacastin.com\/en\/wp-json\/wp\/v2\/types\/page"}],"author":[{"embeddable":true,"href":"https:\/\/cgvillacastin.com\/en\/wp-json\/wp\/v2\/users\/1"}],"replies":[{"embeddable":true,"href":"https:\/\/cgvillacastin.com\/en\/wp-json\/wp\/v2\/comments?post=4713"}],"version-history":[{"count":0,"href":"https:\/\/cgvillacastin.com\/en\/wp-json\/wp\/v2\/pages\/4713\/revisions"}],"wp:featuredmedia":[{"embeddable":true,"href":"https:\/\/cgvillacastin.com\/en\/wp-json\/wp\/v2\/media\/3848"}],"wp:attachment":[{"href":"https:\/\/cgvillacastin.com\/en\/wp-json\/wp\/v2\/media?parent=4713"}],"curies":[{"name":"wp","href":"https:\/\/api.w.org\/{rel}","templated":true}]}}